{"id":251,"date":"2022-01-10T22:08:35","date_gmt":"2022-01-10T22:08:35","guid":{"rendered":"http:\/\/bockauflecker.de\/?page_id=251"},"modified":"2024-11-15T14:55:28","modified_gmt":"2024-11-15T14:55:28","slug":"impressum","status":"publish","type":"page","link":"https:\/\/bockauflecker.de\/?page_id=251","title":{"rendered":"Impressum"},"content":{"rendered":"\t\t<div data-elementor-type=\"wp-page\" data-elementor-id=\"251\" class=\"elementor elementor-251\">\n\t\t\t\t\t\t<section class=\"elementor-section elementor-top-section elementor-element elementor-element-f7185b7 elementor-section-boxed elementor-section-height-default elementor-section-height-default\" data-id=\"f7185b7\" data-element_type=\"section\" data-e-type=\"section\" id=\"Jagd\">\n\t\t\t\t\t\t<div class=\"elementor-container elementor-column-gap-default\">\n\t\t\t\t\t<div class=\"elementor-column elementor-col-100 elementor-top-column elementor-element elementor-element-135c114\" data-id=\"135c114\" data-element_type=\"column\" data-e-type=\"column\">\n\t\t\t<div class=\"elementor-widget-wrap\">\n\t\t\t\t\t\t\t<\/div>\n\t\t<\/div>\n\t\t\t\t\t<\/div>\n\t\t<\/section>\n\t\t\t\t<section class=\"elementor-section elementor-top-section elementor-element elementor-element-36cb89ed elementor-section-boxed elementor-section-height-default elementor-section-height-default\" data-id=\"36cb89ed\" data-element_type=\"section\" data-e-type=\"section\">\n\t\t\t\t\t\t<div class=\"elementor-container elementor-column-gap-default\">\n\t\t\t\t\t<div class=\"elementor-column elementor-col-100 elementor-top-column elementor-element elementor-element-4a8f0f59\" data-id=\"4a8f0f59\" data-element_type=\"column\" data-e-type=\"column\">\n\t\t\t<div class=\"elementor-widget-wrap elementor-element-populated\">\n\t\t\t\t\t\t<div class=\"elementor-element elementor-element-28930469 elementor-widget elementor-widget-text-editor\" data-id=\"28930469\" data-element_type=\"widget\" data-e-type=\"widget\" data-widget_type=\"text-editor.default\">\n\t\t\t\t<div class=\"elementor-widget-container\">\n\t\t\t\t\t\t\t\t\t<p><\/p>\n<h2 class=\"wp-block-heading\">Verantwortlich f\u00fcr den Inhalt<\/h2>\n<p><\/p>\n<p><\/p>\n<p><strong>Bockauflecker<\/strong><\/p>\n<p><\/p>\n<p><\/p>\n<p>Internet: www.bockauflecker.de<\/p>\n<p><\/p>\n<p><\/p>\n<p>Email: i<span style=\"color: var( --e-global-color-text ); font-family: var( --e-global-typography-text-font-family ), Sans-serif; font-weight: var( --e-global-typography-text-font-weight );\">nfo@bockauflecker.de<\/span><\/p>\n<p><span style=\"color: var( --e-global-color-text ); font-family: var( --e-global-typography-text-font-family ), Sans-serif; font-weight: var( --e-global-typography-text-font-weight );\"><br><\/span><\/p>\n<p><\/p>\n<p><\/p>\n<h2 class=\"wp-block-heading\">Konzept, Layout&nbsp;<\/h2>\n<p><\/p>\n<p><\/p>\n<p><strong>idekon Werbeagentur GmbH<\/strong><\/p>\n<p><\/p>\n<p><\/p>\n<p>In der Lach 10<br>66271 Kleinblittersdorf<\/p>\n<p><\/p>\n<p><\/p>\n<p>Tel.:&nbsp;<a href=\"tel:06805911880\">06805 \/ 91 18 80<\/a><br>Fax.: 06805 \/ 91 18 888<\/p>\n<p><\/p>\n<p><\/p>\n<p>Email:&nbsp;<a href=\"mailto:idekon@idekon.de\">idekon@idekon.de<\/a><br>Internet:&nbsp;<a rel=\"noreferrer noopener\" href=\"http:\/\/www.idekon.de\/\" target=\"_blank\">www.idekon.de<\/a><\/p>\n<p><\/p>\n<p><\/p>\n<h2 class=\"wp-block-heading\">Realisierung<\/h2>\n<p><\/p>\n<p><\/p>\n<p>Sascha Power<\/p>\n<p><\/p>\n<p><\/p>\n<p>66271 Kleinblittersdorf<\/p>\n<p><\/p>\n<p><\/p>\n<p>Heinestra\u00dfe 9<\/p>\n<p><\/p>\n<p><\/p>\n<p>Email: <a href=\"mailto:saschapower92@gmail.com\">saschapower92@gmail.com<\/a><\/p>\n<p><\/p>\n<p><\/p>\n<p><\/p>\t\t\t\t\t\t\t\t<\/div>\n\t\t\t\t<\/div>\n\t\t\t\t\t<\/div>\n\t\t<\/div>\n\t\t\t\t\t<\/div>\n\t\t<\/section>\n\t\t\t\t<section class=\"elementor-section elementor-top-section elementor-element elementor-element-26ed826 elementor-section-boxed elementor-section-height-default elementor-section-height-default\" data-id=\"26ed826\" data-element_type=\"section\" data-e-type=\"section\">\n\t\t\t\t\t\t<div class=\"elementor-container elementor-column-gap-default\">\n\t\t\t\t\t<div class=\"elementor-column elementor-col-100 elementor-top-column elementor-element elementor-element-a7800e5\" data-id=\"a7800e5\" data-element_type=\"column\" data-e-type=\"column\">\n\t\t\t<div class=\"elementor-widget-wrap elementor-element-populated\">\n\t\t\t\t\t\t<div class=\"elementor-element elementor-element-b830ef1 elementor-widget elementor-widget-text-editor\" data-id=\"b830ef1\" data-element_type=\"widget\" data-e-type=\"widget\" data-widget_type=\"text-editor.default\">\n\t\t\t\t<div class=\"elementor-widget-container\">\n\t\t\t\t\t\t\t\t\t<p style=\"margin-top: 10px; margin-bottom: 10px; color: rgb(51, 51, 51); font-family: &quot;lucida grande&quot;, helvetica, verdana, arial, sans-serif; font-size: small;\"><strong>Haftungsausschluss:<\/strong><br><br><strong>Haftung f\u00fcr Inhalte<\/strong><br><br>Die Inhalte unserer Seiten wurden mit gr\u00f6\u00dfter Sorgfalt erstellt. F\u00fcr die Richtigkeit, Vollst\u00e4ndigkeit und Aktualit\u00e4t der Inhalte k\u00f6nnen wir jedoch keine Gew\u00e4hr \u00fcbernehmen. Als Diensteanbieter sind wir gem\u00e4\u00df \u00a7 7 Abs.1 DDG f\u00fcr eigene Inhalte auf diesen Seiten nach den allgemeinen Gesetzen verantwortlich. Nach \u00a7\u00a7 8 bis 10 DDG sind wir als Diensteanbieter jedoch nicht verpflichtet, \u00fcbermittelte oder gespeicherte fremde Informationen zu \u00fcberwachen oder nach Umst\u00e4nden zu forschen, die auf eine rechtswidrige T\u00e4tigkeit hinweisen. Verpflichtungen zur Entfernung oder Sperrung der Nutzung von Informationen nach den allgemeinen Gesetzen bleiben hiervon unber\u00fchrt. Eine diesbez\u00fcgliche Haftung ist jedoch erst ab dem Zeitpunkt der Kenntnis einer konkreten Rechtsverletzung m\u00f6glich. Bei Bekanntwerden von entsprechenden Rechtsverletzungen werden wir diese Inhalte umgehend entfernen.<br><br><strong>Haftung f\u00fcr Links<\/strong><br><br>Unser Angebot enth\u00e4lt Links zu externen Webseiten Dritter, auf deren Inhalte wir keinen Einfluss haben. Deshalb k\u00f6nnen wir f\u00fcr diese fremden Inhalte auch keine Gew\u00e4hr \u00fcbernehmen. F\u00fcr die Inhalte der verlinkten Seiten ist stets der jeweilige Anbieter oder Betreiber der Seiten verantwortlich. Die verlinkten Seiten wurden zum Zeitpunkt der Verlinkung auf m\u00f6gliche Rechtsverst\u00f6\u00dfe \u00fcberpr\u00fcft. Rechtswidrige Inhalte waren zum Zeitpunkt der Verlinkung nicht erkennbar. Eine permanente inhaltliche Kontrolle der verlinkten Seiten ist jedoch ohne konkrete Anhaltspunkte einer Rechtsverletzung nicht zumutbar. Bei Bekanntwerden von Rechtsverletzungen werden wir derartige Links umgehend entfernen.<br><br><strong>Google Analytics<\/strong><br><br>Diese Website benutzt Google Analytics, einen Webanalysedienst der Google Inc. (&#8220;Google&#8220;). Google Analytics verwendet sog. &#8220;Cookies&#8220;, Textdateien, die auf Ihrem Computer gespeichert werden und die eine Analyse der Benutzung der Website durch Sie erm\u00f6glicht. Die durch den Cookie erzeugten Informationen \u00fcber Ihre Benutzung dieser Website (einschlie\u00dflich Ihrer IP-Adresse) wird an einen Server von Google in den USA \u00fcbertragen und dort gespeichert. Google wird diese Informationen benutzen, um Ihre Nutzung der Website auszuwerten, um Reports \u00fcber die Websiteaktivit\u00e4ten f\u00fcr die Websitebetreiber zusammenzustellen und um weitere mit der Websitenutzung und der Internetnutzung verbundene Dienstleistungen zu erbringen. Auch wird Google diese Informationen gegebenenfalls an Dritte \u00fcbertragen, sofern dies gesetzlich vorgeschrieben oder soweit Dritte diese Daten im Auftrag von Google verarbeiten. Google wird in keinem Fall Ihre IP-Adresse mit anderen Daten der Google in Verbindung bringen. Sie k\u00f6nnen die Installation der Cookies durch eine entsprechende Einstellung Ihrer Browser Software verhindern; wir weisen Sie jedoch darauf hin, dass Sie in diesem Fall gegebenenfalls nicht s\u00e4mtliche Funktionen dieser Website voll umf\u00e4nglich nutzen k\u00f6nnen. Durch die Nutzung dieser Website erkl\u00e4ren Sie sich mit der Bearbeitung der \u00fcber Sie erhobenen Daten durch Google in der zuvor beschriebenen Art und Weise und zu dem zuvor benannten Zweck einverstanden.<\/p><p><br style=\"color: rgb(51, 51, 51); font-family: &quot;lucida grande&quot;, helvetica, verdana, arial, sans-serif; font-size: small;\"><\/p><div id=\"link\" style=\"font-family: &quot;lucida grande&quot;, helvetica, verdana, arial, sans-serif; color: rgb(51, 51, 51); font-size: small;\">Impressum vom&nbsp;<a href=\"https:\/\/www.impressum-generator.de\/\">Impressum Generator<\/a>&nbsp;der&nbsp;<a href=\"https:\/\/www.kanzlei-hasselbach.de\/rechtsgebiete\/familienrecht\/\">Kanzlei Hasselbach, Fachanw\u00e4lte f\u00fcr Familienrecht<\/a><\/div>\t\t\t\t\t\t\t\t<\/div>\n\t\t\t\t<\/div>\n\t\t\t\t\t<\/div>\n\t\t<\/div>\n\t\t\t\t\t<\/div>\n\t\t<\/section>\n\t\t\t\t<\/div>\n\t\t","protected":false},"excerpt":{"rendered":"<p>Verantwortlich f\u00fcr den Inhalt Bockauflecker Internet: www.bockauflecker.de Email: info@bockauflecker.de Konzept, Layout&nbsp; idekon Werbeagentur GmbH In der Lach 1066271 Kleinblittersdorf Tel.:&nbsp;06805 \/ 91 18 80Fax.: 06805 \/ 91 18 888 Email:&nbsp;idekon@idekon.deInternet:&nbsp;www.idekon.de Realisierung Sascha Power 66271 Kleinblittersdorf Heinestra\u00dfe 9 Email: saschapower92@gmail.com Haftungsausschluss: Haftung f\u00fcr Inhalte Die Inhalte unserer Seiten wurden mit gr\u00f6\u00dfter [&hellip;]<\/p>\n","protected":false},"author":1,"featured_media":0,"parent":0,"menu_order":0,"comment_status":"closed","ping_status":"closed","template":"","meta":{"footnotes":""},"class_list":["post-251","page","type-page","status-publish","hentry"],"_links":{"self":[{"href":"https:\/\/bockauflecker.de\/index.php?rest_route=\/wp\/v2\/pages\/251","targetHints":{"allow":["GET"]}}],"collection":[{"href":"https:\/\/bockauflecker.de\/index.php?rest_route=\/wp\/v2\/pages"}],"about":[{"href":"https:\/\/bockauflecker.de\/index.php?rest_route=\/wp\/v2\/types\/page"}],"author":[{"embeddable":true,"href":"https:\/\/bockauflecker.de\/index.php?rest_route=\/wp\/v2\/users\/1"}],"replies":[{"embeddable":true,"href":"https:\/\/bockauflecker.de\/index.php?rest_route=%2Fwp%2Fv2%2Fcomments&post=251"}],"version-history":[{"count":17,"href":"https:\/\/bockauflecker.de\/index.php?rest_route=\/wp\/v2\/pages\/251\/revisions"}],"predecessor-version":[{"id":585,"href":"https:\/\/bockauflecker.de\/index.php?rest_route=\/wp\/v2\/pages\/251\/revisions\/585"}],"wp:attachment":[{"href":"https:\/\/bockauflecker.de\/index.php?rest_route=%2Fwp%2Fv2%2Fmedia&parent=251"}],"curies":[{"name":"wp","href":"https:\/\/api.w.org\/{rel}","templated":true}]}}